{"id":800,"date":"2019-05-04T12:46:30","date_gmt":"2019-05-04T10:46:30","guid":{"rendered":"https:\/\/www.aeroclub-aire.fr\/lfda\/?page_id=800"},"modified":"2021-12-30T12:30:57","modified_gmt":"2021-12-30T11:30:57","slug":"brevetinitiationaeronautique","status":"publish","type":"page","link":"https:\/\/www.aeroclub-aire.fr\/lfda\/brevetinitiationaeronautique\/","title":{"rendered":"Ecole de pilotage &#8211; BIA"},"content":{"rendered":"<p>[et_pb_section fb_built=\u00a0\u00bb1&Prime; fullwidth=\u00a0\u00bbon\u00a0\u00bb admin_label=\u00a0\u00bbCall to Action\u00a0\u00bb _builder_version=\u00a0\u00bb3.22.3&Prime; animation_style=\u00a0\u00bbslide\u00a0\u00bb animation_direction=\u00a0\u00bbbottom\u00a0\u00bb animation_intensity_slide=\u00a0\u00bb6%\u00a0\u00bb animation_starting_opacity=\u00a0\u00bb100%\u00a0\u00bb locked=\u00a0\u00bboff\u00a0\u00bb global_colors_info=\u00a0\u00bb{}\u00a0\u00bb][et_pb_fullwidth_header title=\u00a0\u00bbLe Brevet d&rsquo;Initiation A\u00e9ronautique (BIA)\u00a0\u00bb content_max_width=\u00a0\u00bb800px\u00a0\u00bb _builder_version=\u00a0\u00bb4.0.11&Prime; title_level=\u00a0\u00bbh2&Prime; title_font=\u00a0\u00bbLato||||||||\u00a0\u00bb title_text_align=\u00a0\u00bbleft\u00a0\u00bb title_font_size=\u00a0\u00bb60px\u00a0\u00bb title_line_height=\u00a0\u00bb1.2em\u00a0\u00bb content_font_size=\u00a0\u00bb20px\u00a0\u00bb content_line_height=\u00a0\u00bb1.8em\u00a0\u00bb background_color=\u00a0\u00bbrgba(255, 255, 255, 0)\u00a0\u00bb use_background_color_gradient=\u00a0\u00bbon\u00a0\u00bb background_color_gradient_start=\u00a0\u00bbrgba(0,0,0,0.75)\u00a0\u00bb background_color_gradient_end=\u00a0\u00bbrgba(0,0,0,0)\u00a0\u00bb background_color_gradient_direction=\u00a0\u00bb90deg\u00a0\u00bb background_color_gradient_overlays_image=\u00a0\u00bbon\u00a0\u00bb background_image=\u00a0\u00bbhttps:\/\/www.aeroclub-aire.fr\/lfda\/wp-content\/uploads\/2020\/01\/BIA-AireSurLAdour-scaled.jpg\u00a0\u00bb parallax=\u00a0\u00bbon\u00a0\u00bb custom_button_one=\u00a0\u00bbon\u00a0\u00bb button_one_text_size=\u00a0\u00bb18px\u00a0\u00bb button_one_bg_color=\u00a0\u00bb#02d002&Prime; button_one_border_width=\u00a0\u00bb8px\u00a0\u00bb button_one_border_color=\u00a0\u00bb#02d002&Prime; button_one_border_radius=\u00a0\u00bb0px\u00a0\u00bb button_one_letter_spacing=\u00a0\u00bb1px\u00a0\u00bb button_one_font=\u00a0\u00bbLato|700|||||||\u00a0\u00bb button_one_use_icon=\u00a0\u00bboff\u00a0\u00bb custom_button_two=\u00a0\u00bbon\u00a0\u00bb button_two_text_size=\u00a0\u00bb18px\u00a0\u00bb button_two_text_color=\u00a0\u00bb#353740&Prime; button_two_bg_color=\u00a0\u00bb#ffffff\u00a0\u00bb button_two_border_width=\u00a0\u00bb8px\u00a0\u00bb button_two_border_color=\u00a0\u00bb#ffffff\u00a0\u00bb button_two_border_radius=\u00a0\u00bb0px\u00a0\u00bb button_two_letter_spacing=\u00a0\u00bb1px\u00a0\u00bb button_two_font=\u00a0\u00bbLato|700|||||||\u00a0\u00bb button_two_use_icon=\u00a0\u00bboff\u00a0\u00bb min_height=\u00a0\u00bb790px\u00a0\u00bb custom_margin=\u00a0\u00bb|||\u00a0\u00bb custom_padding=\u00a0\u00bb8%||8%|\u00a0\u00bb z_index_tablet=\u00a0\u00bb500&Prime; title_text_shadow_style=\u00a0\u00bbpreset5&Prime; global_colors_info=\u00a0\u00bb{}\u00a0\u00bb button_one_text_size__hover_enabled=\u00a0\u00bboff\u00a0\u00bb button_one_text_size__hover=\u00a0\u00bbnull\u00a0\u00bb button_two_text_size__hover_enabled=\u00a0\u00bboff\u00a0\u00bb button_two_text_size__hover=\u00a0\u00bbnull\u00a0\u00bb button_one_text_color__hover_enabled=\u00a0\u00bboff\u00a0\u00bb button_one_text_color__hover=\u00a0\u00bbnull\u00a0\u00bb button_two_text_color__hover_enabled=\u00a0\u00bboff\u00a0\u00bb button_two_text_color__hover=\u00a0\u00bbnull\u00a0\u00bb button_one_border_width__hover_enabled=\u00a0\u00bboff\u00a0\u00bb button_one_border_width__hover=\u00a0\u00bbnull\u00a0\u00bb button_two_border_width__hover_enabled=\u00a0\u00bboff\u00a0\u00bb button_two_border_width__hover=\u00a0\u00bbnull\u00a0\u00bb button_one_border_color__hover_enabled=\u00a0\u00bboff\u00a0\u00bb button_one_border_color__hover=\u00a0\u00bbnull\u00a0\u00bb button_two_border_color__hover_enabled=\u00a0\u00bboff\u00a0\u00bb button_two_border_color__hover=\u00a0\u00bbnull\u00a0\u00bb button_one_border_radius__hover_enabled=\u00a0\u00bboff\u00a0\u00bb button_one_border_radius__hover=\u00a0\u00bbnull\u00a0\u00bb button_two_border_radius__hover_enabled=\u00a0\u00bboff\u00a0\u00bb button_two_border_radius__hover=\u00a0\u00bbnull\u00a0\u00bb button_one_letter_spacing__hover_enabled=\u00a0\u00bbon\u00a0\u00bb button_one_letter_spacing__hover=\u00a0\u00bb1px\u00a0\u00bb button_two_letter_spacing__hover_enabled=\u00a0\u00bbon\u00a0\u00bb button_two_letter_spacing__hover=\u00a0\u00bb1px\u00a0\u00bb button_one_bg_color__hover_enabled=\u00a0\u00bboff\u00a0\u00bb button_one_bg_color__hover=\u00a0\u00bbnull\u00a0\u00bb button_two_bg_color__hover_enabled=\u00a0\u00bboff\u00a0\u00bb button_two_bg_color__hover=\u00a0\u00bbnull\u00a0\u00bb][\/et_pb_fullwidth_header][\/et_pb_section][et_pb_section fb_built=\u00a0\u00bb1&Prime; admin_label=\u00a0\u00bbEvent Section\u00a0\u00bb _builder_version=\u00a0\u00bb3.22.3&Prime; custom_margin=\u00a0\u00bb-3px|||||\u00a0\u00bb custom_padding=\u00a0\u00bb50px||30px||false|false\u00a0\u00bb animation_style=\u00a0\u00bbzoom\u00a0\u00bb animation_intensity_zoom=\u00a0\u00bb6%\u00a0\u00bb animation_starting_opacity=\u00a0\u00bb100%\u00a0\u00bb global_colors_info=\u00a0\u00bb{}\u00a0\u00bb][et_pb_row _builder_version=\u00a0\u00bb3.25&Prime; background_size=\u00a0\u00bbinitial\u00a0\u00bb background_position=\u00a0\u00bbtop_left\u00a0\u00bb background_repeat=\u00a0\u00bbrepeat\u00a0\u00bb global_colors_info=\u00a0\u00bb{}\u00a0\u00bb][et_pb_column type=\u00a0\u00bb4_4&Prime; _builder_version=\u00a0\u00bb3.25&Prime; custom_padding=\u00a0\u00bb|||\u00a0\u00bb global_colors_info=\u00a0\u00bb{}\u00a0\u00bb custom_padding__hover=\u00a0\u00bb|||\u00a0\u00bb][et_pb_text _builder_version=\u00a0\u00bb4.2.2&Prime; custom_margin=\u00a0\u00bb||7px|||\u00a0\u00bb z_index_tablet=\u00a0\u00bb500&Prime; global_colors_info=\u00a0\u00bb{}\u00a0\u00bb]<\/p>\n<h1><strong>L&rsquo;esprit du Brevet d&rsquo;initiation a\u00e9ronautique<\/strong><\/h1>\n<p>&nbsp;<\/p>\n<p>Emma, 16 ans, elle veut devenir pilote. Elle fr\u00e9quente d\u00e9j\u00e0 l&rsquo;a\u00e9ro-club d&rsquo;Aire-sur-l&rsquo;Adour et vient d&rsquo;obtenir son brevet de pilote priv\u00e9. Mais c&rsquo;est au lyc\u00e9e, en entrant en seconde, qu&rsquo;elle a d\u00e9couvert le <strong>B<\/strong>revet d&rsquo;<strong>I<\/strong>nitiation <strong>A<\/strong>\u00e9ronautique (BIA), une formation optionnelle propos\u00e9e dans son lyc\u00e9e de Gaston-Crampe.<\/p>\n<div id=\"para_1\" class=\"para_12686573 resize\">\n<div class=\"texte\">\n<div class=\"access firstletter\">\n<p>Le BIA n&rsquo;est pourtant pas r\u00e9serv\u00e9 aux jeunes pratiquant l&rsquo;aviation de loisirs, ou aux \u00e9l\u00e8ves des s\u00e9ries g\u00e9n\u00e9rales. Antoine et Lucas, eux, sont \u00e9l\u00e8ves au lyc\u00e9e Jean Cassaigne en fili\u00e8re professionnelle. L&rsquo;un a d\u00e9couvert le BIA \u00e0 la rentr\u00e9e de seconde gr\u00e2ce \u00e0 une affiche au lyc\u00e9e, l&rsquo;autre au forum des associations de sa ville.<\/p>\n<p>\u00ab\u00a0Je me suis dit que ce serait un plus pour ma carri\u00e8re, explique Lucas. Et puis je suis passionn\u00e9 par l&rsquo;aviation depuis que je suis n\u00e9\u00a0!\u00a0\u00bb<\/p>\n<\/div>\n<\/div>\n<\/div>\n<div id=\"para_2\" class=\"para_12706187 resize\">\n<div class=\"texte\">\n<div class=\"access firstletter\">\n<p>Chaque mercredi apr\u00e8s-midi, durant toute leur ann\u00e9e de seconde, ils ont donc suivi deux heures de cours et en fin d&rsquo;ann\u00e9e, ils ont <strong>r\u00e9ussi l&rsquo;examen<\/strong> et d\u00e9croch\u00e9 leur \u00ab\u00a0BIA\u00a0\u00bb.<\/p>\n<p>Mais c&rsquo;est plus qu&rsquo;un <strong>dipl\u00f4me scolaire<\/strong> qu&rsquo;ils ont gagn\u00e9 dans l&rsquo;aventure : \u00a0\u00ab\u00a0Moi, j&rsquo;ai particuli\u00e8rement appr\u00e9ci\u00e9 de pouvoir <strong>rencontrer des pilotes<\/strong>, raconte Antoine. C&rsquo;est un \u00e9norme enrichissement\u00a0\u00bb.\u00a0 Emma : \u00ab\u00a0ce qui m&rsquo;a le plus plu, dit-elle, c&rsquo;est <strong>le vol<\/strong> que nous avons pu faire \u00e0 la fin sur l&rsquo;a\u00e9rodrome d&rsquo;Aire, j&rsquo;\u00e9tais seule avec le pilote instructeur dans le cockpit durant 30 minutes de vol et <strong>j&rsquo;ai pilot\u00e9<\/strong> !\u00a0\u00bb<\/p>\n<\/div>\n<\/div>\n<\/div>\n<p>[\/et_pb_text][et_pb_button button_url=\u00a0\u00bbhttps:\/\/www.aeroclub-aire.fr\/lfda\/wp-content\/uploads\/2021\/12\/BIA_2022.pdf\u00a0\u00bb url_new_window=\u00a0\u00bbon\u00a0\u00bb button_text=\u00a0\u00bbNotre plaquette BIA\u00a0\u00bb button_alignment=\u00a0\u00bbcenter\u00a0\u00bb _builder_version=\u00a0\u00bb4.14.4&Prime; custom_margin=\u00a0\u00bb||-11px|||\u00a0\u00bb hover_enabled=\u00a0\u00bb0&Prime; global_colors_info=\u00a0\u00bb{}\u00a0\u00bb sticky_enabled=\u00a0\u00bb0&Prime;][\/et_pb_button][\/et_pb_column][\/et_pb_row][et_pb_row _builder_version=\u00a0\u00bb3.25&Prime; background_size=\u00a0\u00bbinitial\u00a0\u00bb background_position=\u00a0\u00bbtop_left\u00a0\u00bb background_repeat=\u00a0\u00bbrepeat\u00a0\u00bb custom_padding=\u00a0\u00bb21px|||||\u00a0\u00bb global_colors_info=\u00a0\u00bb{}\u00a0\u00bb][et_pb_column type=\u00a0\u00bb4_4&Prime; _builder_version=\u00a0\u00bb3.25&Prime; custom_padding=\u00a0\u00bb|||\u00a0\u00bb global_colors_info=\u00a0\u00bb{}\u00a0\u00bb custom_padding__hover=\u00a0\u00bb|||\u00a0\u00bb][et_pb_video src=\u00a0\u00bbhttps:\/\/youtu.be\/XC9OkYtunaA\u00a0\u00bb _builder_version=\u00a0\u00bb4.0.11&Prime; global_colors_info=\u00a0\u00bb{}\u00a0\u00bb][\/et_pb_video][et_pb_text _builder_version=\u00a0\u00bb4.2.2&Prime; custom_margin=\u00a0\u00bb||7px|||\u00a0\u00bb z_index_tablet=\u00a0\u00bb500&Prime; global_colors_info=\u00a0\u00bb{}\u00a0\u00bb]<\/p>\n<div id=\"para_2\" class=\"para_12706187 resize\">\n<div class=\"texte\">\n<div class=\"access firstletter\">\n<p>Le BIA, <strong>B<\/strong>revet d\u2019<strong>I<\/strong>nitiation <strong>A<\/strong>\u00e9ronautique est un <strong>dipl\u00f4me<\/strong> \u00e0 part pour l\u2019Education Nationale. Il n\u2019a pas v\u00e9ritablement d\u2019\u00e9quivalent. Il est en effet \u00e0 la jonction de l\u2019Education et du monde de l\u2019aviation et de l\u2019espace ; un pont entre passion et raison, savoir et pratique, professionnel et amateur, civil et militaire. Son histoire ancienne et prestigieuse d\u00e9montre sa valeur et son int\u00e9r\u00eat. La France est un grand pays d\u2019a\u00e9ronautique et le BIA est un <strong>formidable vecteur de d\u00e9couverte<\/strong> qui permet aux candidats de mettre en avant des comp\u00e9tences et des savoirs avec enthousiasme et rigueur. L\u2019inspection g\u00e9n\u00e9rale des Sciences et Technique de l\u2019Ing\u00e9nieur a la chance d\u2019\u00eatre en charge pour l\u2019Education Nationale de ce dipl\u00f4me.<\/p>\n<p>\u00a0Passer son BIA alors qu&rsquo;on est encore au lyc\u00e9e peut donc \u00eatre une bonne fa\u00e7on de <strong>pr\u00e9parer son orientation dans le secteur a\u00e9ronautique<\/strong>. \u00ab\u00a0Ensuite, quand on veut vraiment travailler dans l&rsquo;a\u00e9ronautique, <strong>un BIA sur un CV est un atout<\/strong>, car cela t\u00e9moigne d&rsquo;un attrait pour le secteur\u00a0\u00bb, indique un enseignant du lyc\u00e9e Gaston-Crampe \u00e0 Aire-sur-l&rsquo;Adour.<\/p>\n<\/div>\n<\/div>\n<\/div>\n<p>[\/et_pb_text][\/et_pb_column][\/et_pb_row][\/et_pb_section]<\/p>\n","protected":false},"excerpt":{"rendered":"<p>L&rsquo;esprit du Brevet d&rsquo;initiation a\u00e9ronautique &nbsp; Emma, 16 ans, elle veut devenir pilote. Elle fr\u00e9quente d\u00e9j\u00e0 l&rsquo;a\u00e9ro-club d&rsquo;Aire-sur-l&rsquo;Adour et vient d&rsquo;obtenir son brevet de pilote priv\u00e9. Mais c&rsquo;est au lyc\u00e9e, en entrant en seconde, qu&rsquo;elle a d\u00e9couvert le Brevet d&rsquo;Initiation A\u00e9ronautique (BIA), une formation optionnelle propos\u00e9e dans son lyc\u00e9e de Gaston-Crampe. Le BIA n&rsquo;est pourtant [&hellip;]<\/p>\n","protected":false},"author":1,"featured_media":0,"parent":0,"menu_order":0,"comment_status":"closed","ping_status":"closed","template":"","meta":{"_et_pb_use_builder":"on","_et_pb_old_content":"","_et_gb_content_width":"","jetpack_post_was_ever_published":false,"footnotes":""},"class_list":["post-800","page","type-page","status-publish","hentry"],"jetpack_sharing_enabled":true,"jetpack_shortlink":"https:\/\/wp.me\/P9sdTk-cU","_links":{"self":[{"href":"https:\/\/www.aeroclub-aire.fr\/lfda\/wp-json\/wp\/v2\/pages\/800"}],"collection":[{"href":"https:\/\/www.aeroclub-aire.fr\/lfda\/wp-json\/wp\/v2\/pages"}],"about":[{"href":"https:\/\/www.aeroclub-aire.fr\/lfda\/wp-json\/wp\/v2\/types\/page"}],"author":[{"embeddable":true,"href":"https:\/\/www.aeroclub-aire.fr\/lfda\/wp-json\/wp\/v2\/users\/1"}],"replies":[{"embeddable":true,"href":"https:\/\/www.aeroclub-aire.fr\/lfda\/wp-json\/wp\/v2\/comments?post=800"}],"version-history":[{"count":19,"href":"https:\/\/www.aeroclub-aire.fr\/lfda\/wp-json\/wp\/v2\/pages\/800\/revisions"}],"predecessor-version":[{"id":2231,"href":"https:\/\/www.aeroclub-aire.fr\/lfda\/wp-json\/wp\/v2\/pages\/800\/revisions\/2231"}],"wp:attachment":[{"href":"https:\/\/www.aeroclub-aire.fr\/lfda\/wp-json\/wp\/v2\/media?parent=800"}],"curies":[{"name":"wp","href":"https:\/\/api.w.org\/{rel}","templated":true}]}}