{"id":1155,"date":"2020-01-03T19:43:32","date_gmt":"2020-01-03T18:43:32","guid":{"rendered":"https:\/\/www.aeroclub-aire.fr\/lfda\/?post_type=product&#038;p=1155"},"modified":"2024-05-12T15:19:51","modified_gmt":"2024-05-12T13:19:51","slug":"1-passager-vol-de-decouverte-30-minutes-en-ulm","status":"publish","type":"product","link":"https:\/\/www.aeroclub-aire.fr\/lfda\/produit\/1-passager-vol-de-decouverte-30-minutes-en-ulm\/","title":{"rendered":"1 passager &#8211; Vol de d\u00e9couverte 30 minutes en ULM"},"content":{"rendered":"<p>A bord de notre <strong>ULM moderne<\/strong> 3 axes, venez d\u00e9couvrir lors d&rsquo;un vol de 30 minutes le Tursan autour d&rsquo;Aire-sur-l&rsquo;Adour.<br \/>\nAccueil \u00e0 l&rsquo;a\u00e9roclub, briefing vol, installation \u00e0 bord, <strong>d\u00e9collage<\/strong> !<br \/>\nGr\u00e2ce aux ailes hautes de cet appareil, vous n&rsquo;avez plus qu&rsquo;\u00e0 admirer la beaut\u00e9 des paysages sous vous avec <strong>une vue panoramique exceptionelle<\/strong> !<\/p>\n<p><strong>Votre pilote confirm\u00e9<\/strong> est habilit\u00e9 \u00e0 effectuer ce vol de d\u00e9couverte. Vous participez avec lui \u00e0 la mise en \u0153uvre de l&rsquo;Ulm, vous pourrez lui poser toutes vos questions. <strong>C&rsquo;est un passionn\u00e9<\/strong> !<br \/>\nUne fois arriv\u00e9 \u00e0 l&rsquo;a\u00e9roclub, comptez environ minimum 1h de temps \u00e0 passer avec nous.<\/p>\n<p>Apr\u00e8s l&rsquo;achat de votre vol, vous recevrez un e-mail de confirmation avec tous les d\u00e9tails.<br \/>\nLes vols de d\u00e9couverte en Ulm peuvent se faire n&rsquo;importe quand en semaine comme les week-end, par beau temps. N&rsquo;h\u00e9sitez pas \u00e0 nous appeler.<\/p>\n<p><em><strong><label class=\"control-label col-xs-6\">Limite d&rsquo;utilisation du bon : 6 Mois<\/label><\/strong><\/em><\/p>\n","protected":false},"excerpt":{"rendered":"<p>A bord de notre ULM moderne 3 axes, venez d\u00e9couvrir lors d&rsquo;un vol de 30 minutes le Tursan autour d&rsquo;Aire-sur-l&rsquo;Adour.<\/p>\n<p><em><strong><label class=\"control-label col-xs-6\">Limite d&rsquo;utilisation du bon : 6 Mois<\/label><\/strong><\/em><\/p>\n","protected":false},"featured_media":1156,"template":"","meta":{"_et_pb_use_builder":"","_et_pb_old_content":"","_et_gb_content_width":"","jetpack_post_was_ever_published":false,"jetpack_publicize_message":"","jetpack_publicize_feature_enabled":true,"jetpack_social_post_already_shared":true,"jetpack_social_options":{"image_generator_settings":{"template":"highway","enabled":false},"version":2}},"product_cat":[25,30],"product_tag":[],"class_list":{"0":"post-1155","1":"product","2":"type-product","3":"status-publish","4":"has-post-thumbnail","6":"product_cat-vol_avion","7":"product_cat-voldecouverte","8":"wcpa_has_options","10":"first","11":"instock","12":"virtual","13":"purchasable","14":"product-type-simple"},"jetpack_publicize_connections":[],"jetpack_sharing_enabled":true,"_links":{"self":[{"href":"https:\/\/www.aeroclub-aire.fr\/lfda\/wp-json\/wp\/v2\/product\/1155"}],"collection":[{"href":"https:\/\/www.aeroclub-aire.fr\/lfda\/wp-json\/wp\/v2\/product"}],"about":[{"href":"https:\/\/www.aeroclub-aire.fr\/lfda\/wp-json\/wp\/v2\/types\/product"}],"wp:featuredmedia":[{"embeddable":true,"href":"https:\/\/www.aeroclub-aire.fr\/lfda\/wp-json\/wp\/v2\/media\/1156"}],"wp:attachment":[{"href":"https:\/\/www.aeroclub-aire.fr\/lfda\/wp-json\/wp\/v2\/media?parent=1155"}],"wp:term":[{"taxonomy":"product_cat","embeddable":true,"href":"https:\/\/www.aeroclub-aire.fr\/lfda\/wp-json\/wp\/v2\/product_cat?post=1155"},{"taxonomy":"product_tag","embeddable":true,"href":"https:\/\/www.aeroclub-aire.fr\/lfda\/wp-json\/wp\/v2\/product_tag?post=1155"}],"curies":[{"name":"wp","href":"https:\/\/api.w.org\/{rel}","templated":true}]}}