{"id":1157,"date":"2020-01-03T19:49:39","date_gmt":"2020-01-03T18:49:39","guid":{"rendered":"https:\/\/www.aeroclub-aire.fr\/lfda\/?post_type=product&#038;p=1157"},"modified":"2024-05-12T15:19:27","modified_gmt":"2024-05-12T13:19:27","slug":"1-passager-vol-de-decouverte-30-minutes-en-planeur","status":"publish","type":"product","link":"https:\/\/www.aeroclub-aire.fr\/lfda\/produit\/1-passager-vol-de-decouverte-30-minutes-en-planeur\/","title":{"rendered":"1 passager &#8211; Vol de d\u00e9couverte en PLANEUR"},"content":{"rendered":"<p>A bord d&rsquo;un de nos planeurs biplaces, venez d\u00e9couvrir la glisse absolue, <strong>le vol en silence<\/strong>.<br \/>\nAccueil \u00e0 l&rsquo;a\u00e9roclub, briefing parachute, installation \u00e0 bord, catapultage en l&rsquo;air \u00e0 400m de hauteur en moins de 20s !<br \/>\nPuis le silence, un l\u00e9ger sifflement du vent sur les bords d&rsquo;attaque des ailes&#8230; vous n&rsquo;avez plus qu&rsquo;\u00e0 admirer la beaut\u00e9 des paysages sous vous !<\/p>\n<p><strong>Votre pilote confirm\u00e9<\/strong> est habilit\u00e9 \u00e0 effectuer ce vol de d\u00e9couverte. Vous participez avec lui au vol, vous pourrez lui poser toutes vos questions, <strong>c&rsquo;est un passionn\u00e9<\/strong> !<br \/>\nUne fois arriv\u00e9 \u00e0 l&rsquo;a\u00e9roclub, comptez environ 1h30 de temps \u00e0 passer avec nous.<\/p>\n<p>Apr\u00e8s l&rsquo;achat de votre vol, vous recevrez un e-mail de confirmation avec tous les d\u00e9tails.<br \/>\nLes vols de d\u00e9couverte en planeur se font g\u00e9n\u00e9ralement les week-end, par beau temps. Les vols en semaine sont quand m\u00eame possible \u00e0 la belle saison. N&rsquo;h\u00e9sitez pas \u00e0 nous appeler.<\/p>\n<p class=\"form-group\"><em><strong><label class=\"control-label col-xs-6\">Limite d&rsquo;utilisation du bon : 6 Mois<\/label><\/strong><\/em><\/p>\n","protected":false},"excerpt":{"rendered":"<p>A bord de notre planeur biplaces, venez d\u00e9couvrir la glisse absolue, le vol en silence.<\/p>\n<p><em><strong><label class=\"control-label col-xs-6\">Limite d&rsquo;utilisation du bon : 6 Mois<\/label><\/strong><\/em><\/p>\n","protected":false},"featured_media":1158,"template":"","meta":{"_et_pb_use_builder":"","_et_pb_old_content":"","_et_gb_content_width":"","jetpack_post_was_ever_published":false,"jetpack_publicize_message":"","jetpack_publicize_feature_enabled":true,"jetpack_social_post_already_shared":true,"jetpack_social_options":{"image_generator_settings":{"template":"highway","enabled":false},"version":2}},"product_cat":[30,29],"product_tag":[],"class_list":{"0":"post-1157","1":"product","2":"type-product","3":"status-publish","4":"has-post-thumbnail","6":"product_cat-voldecouverte","7":"product_cat-vol_planeur","8":"wcpa_has_options","10":"first","11":"instock","12":"virtual","13":"purchasable","14":"product-type-simple"},"jetpack_publicize_connections":[],"jetpack_sharing_enabled":true,"_links":{"self":[{"href":"https:\/\/www.aeroclub-aire.fr\/lfda\/wp-json\/wp\/v2\/product\/1157"}],"collection":[{"href":"https:\/\/www.aeroclub-aire.fr\/lfda\/wp-json\/wp\/v2\/product"}],"about":[{"href":"https:\/\/www.aeroclub-aire.fr\/lfda\/wp-json\/wp\/v2\/types\/product"}],"wp:featuredmedia":[{"embeddable":true,"href":"https:\/\/www.aeroclub-aire.fr\/lfda\/wp-json\/wp\/v2\/media\/1158"}],"wp:attachment":[{"href":"https:\/\/www.aeroclub-aire.fr\/lfda\/wp-json\/wp\/v2\/media?parent=1157"}],"wp:term":[{"taxonomy":"product_cat","embeddable":true,"href":"https:\/\/www.aeroclub-aire.fr\/lfda\/wp-json\/wp\/v2\/product_cat?post=1157"},{"taxonomy":"product_tag","embeddable":true,"href":"https:\/\/www.aeroclub-aire.fr\/lfda\/wp-json\/wp\/v2\/product_tag?post=1157"}],"curies":[{"name":"wp","href":"https:\/\/api.w.org\/{rel}","templated":true}]}}